{"id":6381,"date":"2025-09-16T21:45:57","date_gmt":"2025-09-16T19:45:57","guid":{"rendered":"https:\/\/blkpnt.net\/?page_id=6381"},"modified":"2025-11-17T15:50:17","modified_gmt":"2025-11-17T14:50:17","slug":"elementor-6381","status":"publish","type":"page","link":"https:\/\/blkpnt.net\/de\/impressum\/elementor-6381\/","title":{"rendered":"Datenschutzerkl\u00e4rung"},"content":{"rendered":"<div data-elementor-type=\"wp-page\" data-elementor-id=\"6381\" class=\"elementor elementor-6381\" data-elementor-post-type=\"page\">\n\t\t\t\t<div class=\"elementor-element elementor-element-8d82fcd e-flex e-con-boxed e-con e-parent\" data-id=\"8d82fcd\" data-element_type=\"container\" data-e-type=\"container\">\n\t\t\t\t\t<div class=\"e-con-inner\">\n\t\t\t\t<div class=\"elementor-element elementor-element-dcd0276 elementor-widget elementor-widget-text-editor\" data-id=\"dcd0276\" data-element_type=\"widget\" data-e-type=\"widget\" data-widget_type=\"text-editor.default\">\n\t\t\t\t\t\t\t\t\t<p data-start=\"0\" data-end=\"20\"><strong data-start=\"0\" data-end=\"18\">Datenschutzerkl\u00e4rung<\/strong><\/p><p data-start=\"22\" data-end=\"406\">Wir freuen uns sehr \u00fcber Ihr Interesse an unserem Unternehmen. Datenschutz hat einen besonders hohen Stellenwert f\u00fcr mich <strong data-start=\"125\" data-end=\"152\">Steven Jackson \/ BLKPNT<\/strong>Eine Nutzung unserer Internetseite <strong data-start=\"177\" data-end=\"191\">BLKPNT.NET<\/strong> Eine Nutzung unserer Internetseite BLKPNT.NET ist grunds\u00e4tzlich ohne Angabe personenbezogener Daten m\u00f6glich. Sofern eine betroffene Person jedoch besondere Services \u00fcber unsere Internetseite in Anspruch nehmen m\u00f6chte (z. B. eine kostenpflichtige Mitgliedschaft), kann eine Verarbeitung personenbezogener Daten erforderlich werden.<\/p><p data-start=\"408\" data-end=\"813\">Die Verarbeitung personenbezogener Daten (z. B. Name, Anschrift, E-Mail-Adresse oder Zahlungsinformationen) erfolgt stets im Einklang mit der <strong data-start=\"545\" data-end=\"590\">Datenschutz-Grundverordnung (DSGVO)<\/strong> und den f\u00fcr BLKPNT geltenden nationalen Datenschutzbestimmungen. Mit dieser Datenschutzerkl\u00e4rung informieren wir Sie \u00fcber Art, Umfang und Zweck der Erhebung und Verarbeitung personenbezogener Daten sowie \u00fcber die Ihnen zustehenden Rechte.<\/p><p data-start=\"815\" data-end=\"1105\">Wir haben als Verantwortlicher zahlreiche technische und organisatorische Ma\u00dfnahmen umgesetzt, um einen m\u00f6glichst l\u00fcckenlosen Schutz der verarbeiteten personenbezogenen Daten sicherzustellen. Dennoch k\u00f6nnen internetbasierte Daten\u00fcbertragungen Sicherheitsl\u00fccken aufweisen, sodass ein absoluter Schutz nicht gew\u00e4hrleistet werden kann.<\/p><hr data-start=\"1107\" data-end=\"1110\" \/><h3 data-start=\"1112\" data-end=\"1155\">1. Name und Anschrift des Verantwortlichen<\/h3><p data-start=\"1157\" data-end=\"1198\">The controller pursuant to the GDPR is:<\/p><p class=\"bigtext\">Steven Jackson \/ \u2013 PHOTO AND VIDEO PRODUCTION<\/p><p class=\"bigtext\">c\/o IP-Management #7640<\/p><p>Ludwig-Erhard-Str. 18<br \/>20459 Hamburg<\/p><p>E-Mail: <a class=\"decorated-link cursor-pointer\" rel=\"noopener\" data-start=\"1283\" data-end=\"1298\">info@blkpnt.net<\/a><\/p><hr data-start=\"1302\" data-end=\"1305\" \/><h3 data-start=\"1307\" data-end=\"1358\">2. Erfassung von allgemeinen Daten und Informationen<\/h3><p data-start=\"1360\" data-end=\"1504\">Unsere Internetseite erfasst bei jedem Aufruf automatisch allgemeine Daten und Informationen, die in den Logfiles des Servers gespeichert werden. Dazu geh\u00f6ren:<\/p><ul data-start=\"1506\" data-end=\"1722\"><li data-start=\"1506\" data-end=\"1534\"><p data-start=\"1508\" data-end=\"1534\">Browsertyp und -version<\/p><\/li><li data-start=\"1535\" data-end=\"1560\"><p data-start=\"1537\" data-end=\"1560\">verwendetes Betriebssystem<\/p><\/li><li data-start=\"1561\" data-end=\"1603\"><p data-start=\"1563\" data-end=\"1603\">Referrer-URL (zuvor besuchte Seite)<\/p><\/li><li data-start=\"1604\" data-end=\"1625\"><p data-start=\"1606\" data-end=\"1625\">aufgerufene Unterseiten<\/p><\/li><li data-start=\"1626\" data-end=\"1653\"><p data-start=\"1628\" data-end=\"1653\">Datum und Uhrzeit des Zugriffs<\/p><\/li><li data-start=\"1654\" data-end=\"1668\"><p data-start=\"1656\" data-end=\"1668\">IP-Adresse<\/p><\/li><li data-start=\"1669\" data-end=\"1722\"><p data-start=\"1671\" data-end=\"1722\">Internet-Service-Provider des zugreifenden Systems<\/p><\/li><\/ul><p data-start=\"1724\" data-end=\"2064\">Diese Daten sind nicht bestimmten Personen zuordenbar. Eine Zusammenf\u00fchrung dieser Daten mit anderen Datenquellen erfolgt nicht. Die Informationen werden ben\u00f6tigt, um die Inhalte unserer Website korrekt auszuliefern, die Funktionsf\u00e4higkeit der Systeme zu gew\u00e4hrleisten und im Falle eines Angriffs auf unsere IT Strafverfolgungsbeh\u00f6rden die notwendigen Informationen bereitzustellen.<\/p><hr data-start=\"2066\" data-end=\"2069\" \/><h3 data-start=\"2071\" data-end=\"2106\">3. Rechtsgrundlage der Verarbeitung<\/h3><p data-start=\"2108\" data-end=\"2182\">Die Verarbeitung personenbezogener Daten erfolgt auf Grundlage von:<\/p><ul data-start=\"2184\" data-end=\"2490\"><li data-start=\"2184\" data-end=\"2221\"><p data-start=\"2186\" data-end=\"2221\"><strong data-start=\"2186\" data-end=\"2209\">Art. 6 (1) (a) GDPR<\/strong> (Einwilligung)<\/p><\/li><li data-start=\"2222\" data-end=\"2311\"><p data-start=\"2224\" data-end=\"2311\"><strong data-start=\"2224\" data-end=\"2247\">Art. 6 Abs. 1 lit. a DSGVO<\/strong> (Vertragserf\u00fcllung, z. B. Zugang zum Mitgliederbereich)<\/p><\/li><li data-start=\"2312\" data-end=\"2383\"><p data-start=\"2314\" data-end=\"2383\"><strong data-start=\"2314\" data-end=\"2337\">Art. 6 (1) (c) GDPR<\/strong> (gesetzliche Verpflichtung, z. B. steuerliche Pflichten)<\/p><\/li><li data-start=\"2384\" data-end=\"2490\"><p data-start=\"2386\" data-end=\"2490\"><strong data-start=\"2386\" data-end=\"2409\">Art. 6 Abs. 1 lit. f DSGVO<\/strong> (berechtigtes Interesse, z. B. Sicherheit und Optimierung des Online-Angebots)<\/p><\/li><\/ul><hr data-start=\"2492\" data-end=\"2495\" \/><h3 data-start=\"2497\" data-end=\"2551\">4. Zahlungsarten und Zahlungsdienstleister<\/h3><p data-start=\"2553\" data-end=\"3140\"><strong data-start=\"2553\" data-end=\"2566\">a) PayPal<\/strong><br data-start=\"2566\" data-end=\"2569\" \/>Wir haben auf unserer Internetseite Komponenten von PayPal integriert. Anbieter ist die PayPal (Europe) S.\u00e0.r.l. et Cie, S.C.A., 22\u201324 Boulevard Royal, 2449 Luxemburg. Wenn Sie die Bezahlmethode PayPal w\u00e4hlen, werden die von Ihnen eingegebenen Zahlungsdaten an PayPal \u00fcbermittelt. Dies erfolgt auf Grundlage von <strong data-start=\"2641\" data-end=\"2724\">PayPal (Europe) S.\u00e0.r.l. et Cie, S.C.A., 22\u201324 Boulevard Royal, 2449 Luxembourg<\/strong>.<br data-start=\"2725\" data-end=\"2728\" \/>If you choose to pay via PayPal, the payment data you enter will be transmitted to PayPal. This is done on the basis of <strong data-start=\"2848\" data-end=\"2871\">Art. 6 Abs. 1 lit. a DSGVO<\/strong> (Vertragserf\u00fcllung) und <strong data-start=\"2899\" data-end=\"2922\">Art. 6 Abs. 1 lit. f DSGVO<\/strong> (berechtigtes Interesse an einer sicheren Zahlungsabwicklung).<br data-start=\"2974\" data-end=\"2977\" \/>Die geltenden Datenschutzbestimmungen von PayPal finden Sie hier: <a class=\"decorated-link\" href=\"https:\/\/www.paypal.com\/de\/webapps\/mpp\/ua\/privacy-full\" target=\"_new\" rel=\"noopener\" data-start=\"3028\" data-end=\"3138\">https:\/\/www.paypal.com\/de\/webapps\/mpp\/ua\/privacy-full<\/a><\/p><p data-start=\"3142\" data-end=\"3718\"><strong data-start=\"3142\" data-end=\"3155\">b) Stripe<\/strong><br data-start=\"3155\" data-end=\"3158\" \/>Wir bieten die Bezahlung per Kreditkarte \u00fcber Stripe an. Anbieter ist die <strong data-start=\"3218\" data-end=\"3313\">Stripe Payments Europe, Ltd., 1 Grand Canal Street Lower, Grand Canal Dock, Dublin, Irland.<\/strong>.<br data-start=\"3314\" data-end=\"3317\" \/>Bei der Zahlung \u00fcber Stripe werden die von Ihnen eingegebenen Zahlungsdaten (z. B. Kreditkartendaten, Name, E-Mail-Adresse) an Stripe \u00fcbermittelt. Die Daten\u00fcbermittlung erfolgt auf Grundlage von <strong data-start=\"3474\" data-end=\"3497\">Art. 6 Abs. 1 lit. a DSGVO<\/strong> (Vertragserf\u00fcllung) und <strong data-start=\"3525\" data-end=\"3548\">Art. 6 Abs. 1 lit. f DSGVO<\/strong> (berechtigtes Interesse an einer sicheren Zahlungsabwicklung).<br data-start=\"3600\" data-end=\"3603\" \/>Die geltenden Datenschutzbestimmungen von Stripe finden Sie hier: <a class=\"decorated-link\" href=\"https:\/\/stripe.com\/de\/privacy\" target=\"_new\" rel=\"noopener\" data-start=\"3654\" data-end=\"3716\">https:\/\/stripe.com\/de\/privacy<\/a><\/p><hr data-start=\"3720\" data-end=\"3723\" \/><h3 data-start=\"3725\" data-end=\"3753\">5. Dauer der Speicherung<\/h3><p data-start=\"3755\" data-end=\"3957\">Personenbezogene Daten werden nur so lange gespeichert, wie dies f\u00fcr die Erf\u00fcllung des Vertrags (Mitgliedschaft) oder gesetzlicher Verpflichtungen erforderlich ist. Nach Ablauf gesetzlicher Aufbewahrungsfristen werden die Daten gel\u00f6scht.<\/p><hr data-start=\"3959\" data-end=\"3962\" \/><h3 data-start=\"3964\" data-end=\"3999\">6. Rechte der betroffenen Person<\/h3><p data-start=\"4001\" data-end=\"4062\">Sie haben folgende Rechte in Bezug auf Ihre personenbezogenen Daten:<\/p><ul data-start=\"4064\" data-end=\"4465\"><li data-start=\"4064\" data-end=\"4102\"><p data-start=\"4066\" data-end=\"4102\">Recht auf Auskunft (<strong data-start=\"4083\" data-end=\"4099\">Art. 15 DSGVO)<\/strong>)<\/p><\/li><li data-start=\"4103\" data-end=\"4148\"><p data-start=\"4105\" data-end=\"4148\">Recht auf Berichtigung (<strong data-start=\"4129\" data-end=\"4145\">Art. 16 DSGVO)<\/strong>)<\/p><\/li><li data-start=\"4149\" data-end=\"4188\"><p data-start=\"4151\" data-end=\"4188\">Recht auf L\u00f6schung<strong data-start=\"4169\" data-end=\"4185\">Art. 17 DSGVO)<\/strong>)<\/p><\/li><li data-start=\"4189\" data-end=\"4246\"><p data-start=\"4191\" data-end=\"4246\">echt auf Einschr\u00e4nkung der Verarbeitung (<strong data-start=\"4227\" data-end=\"4243\">Art. 18 DSGVO)<\/strong>)<\/p><\/li><li data-start=\"4247\" data-end=\"4295\"><p data-start=\"4249\" data-end=\"4295\">Recht auf Daten\u00fcbertragbarkeit (<strong data-start=\"4276\" data-end=\"4292\">Art. 20 DSGVO)<\/strong>)<\/p><\/li><li data-start=\"4296\" data-end=\"4334\"><p data-start=\"4298\" data-end=\"4334\">Recht auf Widerspruch<strong data-start=\"4315\" data-end=\"4331\">(Art. 21 DSGVO)<\/strong>)<\/p><\/li><li data-start=\"4335\" data-end=\"4386\"><p data-start=\"4337\" data-end=\"4386\">Recht auf Widerruf erteilter Einwilligungen<strong data-start=\"4364\" data-end=\"4383\">(Art. 7 Abs. 3 DSGVO)<\/strong>)<\/p><\/li><li data-start=\"4387\" data-end=\"4465\"><p data-start=\"4389\" data-end=\"4465\">Beschwerderecht bei einer Aufsichtsbeh\u00f6rde (<strong data-start=\"4446\" data-end=\"4462\">Art. 77 DSGVO)<\/strong>)<\/p><\/li><\/ul><hr data-start=\"4467\" data-end=\"4470\" \/><h3 data-start=\"4472\" data-end=\"4506\">7. Automated Decision-Making<\/h3><p data-start=\"4508\" data-end=\"4587\" data-is-last-node=\"\" data-is-only-node=\"\">As a responsible company, we do not use automatic decision-making or profiling.<\/p>\t\t\t\t\t\t\t\t<\/div>\n\t\t\t\t\t<\/div>\n\t\t\t\t<\/div>\n\t\t\t\t<\/div>","protected":false},"excerpt":{"rendered":"<p>Privacy Policy We greatly appreciate your interest in our company. Data protection is of particular importance to me, Steven Jackson \/ BLKPNT. The use of our website BLKPNT.NET is generally possible without providing any personal data. However, if a data subject wishes to use special services via our website (e.g. a paid membership), the processing &hellip; <\/p>\n<p class=\"link-more\"><a href=\"https:\/\/blkpnt.net\/de\/impressum\/elementor-6381\/\" class=\"more-link\">Mehr <span class=\"screen-reader-text\">\u00fcber &#8220;Privacy Policy&#8221; <\/span>Lesen<\/a><\/p>","protected":false},"author":1,"featured_media":0,"parent":19,"menu_order":0,"comment_status":"closed","ping_status":"closed","template":"","meta":{"inline_featured_image":false,"inspiro_hide_title":false,"footnotes":""},"class_list":["post-6381","page","type-page","status-publish","hentry"],"_links":{"self":[{"href":"https:\/\/blkpnt.net\/de\/wp-json\/wp\/v2\/pages\/6381","targetHints":{"allow":["GET"]}}],"collection":[{"href":"https:\/\/blkpnt.net\/de\/wp-json\/wp\/v2\/pages"}],"about":[{"href":"https:\/\/blkpnt.net\/de\/wp-json\/wp\/v2\/types\/page"}],"author":[{"embeddable":true,"href":"https:\/\/blkpnt.net\/de\/wp-json\/wp\/v2\/users\/1"}],"replies":[{"embeddable":true,"href":"https:\/\/blkpnt.net\/de\/wp-json\/wp\/v2\/comments?post=6381"}],"version-history":[{"count":9,"href":"https:\/\/blkpnt.net\/de\/wp-json\/wp\/v2\/pages\/6381\/revisions"}],"predecessor-version":[{"id":8827,"href":"https:\/\/blkpnt.net\/de\/wp-json\/wp\/v2\/pages\/6381\/revisions\/8827"}],"up":[{"embeddable":true,"href":"https:\/\/blkpnt.net\/de\/wp-json\/wp\/v2\/pages\/19"}],"wp:attachment":[{"href":"https:\/\/blkpnt.net\/de\/wp-json\/wp\/v2\/media?parent=6381"}],"curies":[{"name":"wp","href":"https:\/\/api.w.org\/{rel}","templated":true}]}}