{"id":1209,"date":"2025-09-13T11:10:52","date_gmt":"2025-09-13T09:10:52","guid":{"rendered":"https:\/\/blkpnt-mag.com\/?page_id=1209"},"modified":"2025-11-17T15:48:46","modified_gmt":"2025-11-17T14:48:46","slug":"agb","status":"publish","type":"page","link":"https:\/\/blkpnt.net\/de\/impressum\/agb\/","title":{"rendered":"AGB"},"content":{"rendered":"<div data-elementor-type=\"wp-page\" data-elementor-id=\"1209\" class=\"elementor elementor-1209\" data-elementor-post-type=\"page\">\n\t\t\t\t<div class=\"elementor-element elementor-element-1362c1b3 e-flex e-con-boxed e-con e-parent\" data-id=\"1362c1b3\" data-element_type=\"container\" data-e-type=\"container\">\n\t\t\t\t\t<div class=\"e-con-inner\">\n\t\t\t\t<div class=\"elementor-element elementor-element-42c633a7 elementor-widget elementor-widget-text-editor\" data-id=\"42c633a7\" data-element_type=\"widget\" data-e-type=\"widget\" data-widget_type=\"text-editor.default\">\n\t\t\t\t\t\t\t\t\t<div class=\"content-wrapper\"><div class=\"content\"><div id=\"page-section-66bd13852d97e916ae5fe732\" class=\"sqs-layout sqs-grid-12 columns-12\" data-type=\"page-section\" data-updated-on=\"1551515406672\"><div class=\"row sqs-row\"><div class=\"col sqs-col-12 span-12\"><div id=\"block-cc0fb002f7933a16a2f3\" class=\"sqs-block html-block sqs-block-html\" data-block-type=\"2\" data-sqsp-block=\"text\"><div class=\"sqs-block-content\"><div class=\"sqs-html-content\" data-sqsp-text-block-content=\"\"><p data-start=\"0\" data-end=\"40\"><strong data-start=\"0\" data-end=\"38\">Allgemeine Gesch\u00e4ftsbedingungen (AGB)<\/strong><\/p><p data-start=\"42\" data-end=\"253\"><strong data-start=\"42\" data-end=\"84\">\u00a71 Urheberrecht und Schutz der Inhalte<\/strong><br data-start=\"84\" data-end=\"87\" \/>(1) Alle auf BLKPNT ver\u00f6ffentlichten Inhalte \u2013 insbesondere Fotografien, Videos, Galerien und sonstige visuelle Medien \u2013 unterliegen dem Urheberrecht von Steven Jackson (BLKPNT).<\/p><p data-start=\"255\" data-end=\"531\">(2) Die Inhalte sind ausschlie\u00dflich f\u00fcr den pers\u00f6nlichen, privaten Gebrauch der zahlenden Mitglieder bestimmt. Mit dem Erwerb einer Mitgliedschaft erwirbt der Verbraucher kein Eigentum und keine Nutzungsrechte an den Inhalten, sondern lediglich ein zeitlich begrenztes, nicht \u00fcbertragbares Zugangsrecht zum gesch\u00fctzten Mitgliederbereich.<\/p><p data-start=\"533\" data-end=\"753\">(3) Jegliche Form der Vervielf\u00e4ltigung, Verbreitung, \u00f6ffentlichen Zug\u00e4nglichmachung, Weitergabe an Dritte oder sonstigen Nutzung \u2013 ganz oder teilweise \u2013 au\u00dferhalb der Plattform <a class=\"decorated-link\" href=\"https:\/\/www.blkpnt.net zustande\" target=\"_new\" rel=\"noopener\" data-start=\"679\" data-end=\"727\">https:\/\/www.blkpnt.net zustande<\/a> ist strengstens untersagt.<\/p><p data-start=\"755\" data-end=\"1026\">(4) Illegale Downloads, Uploads oder das Teilen von Inhalten sind ausdr\u00fccklich verboten und werden zivil- und strafrechtlich verfolgt. In diesen F\u00e4llen behalten wir uns die Geltendmachung von Schadensersatzanspr\u00fcchen sowie die sofortige Sperrung des Zugangs ohne Erstattung bereits gezahlter Mitgliedsbeitr\u00e4ge vor.<\/p><hr data-start=\"1028\" data-end=\"1031\" \/><p data-start=\"1033\" data-end=\"1294\"><strong data-start=\"1033\" data-end=\"1061\">\u00a72 Geltungsbereich und Begriffsbestimmungen<\/strong><br data-start=\"1061\" data-end=\"1064\" \/>(1) Die nachfolgenden Allgemeinen Gesch\u00e4ftsbedingungen gelten f\u00fcr alle Vertr\u00e4ge \u00fcber den entgeltlichen Zugang zum gesch\u00fctzten Mitgliederbereich von BLKPNT zwischen Steven Jackson und einem Verbraucher \u2013 in der jeweils zum Zeitpunkt des Vertragsschlusses g\u00fcltigen Fassung.<\/p><p data-start=\"1296\" data-end=\"1533\">(2) \u201eVerbraucher\u201c im Sinne dieser AGB ist jede nat\u00fcrliche Person, die ein Rechtsgesch\u00e4ft zu Zwecken abschlie\u00dft, die \u00fcberwiegend weder ihrer gewerblichen noch ihrer selbstst\u00e4ndigen beruflichen T\u00e4tigkeit zugerechnet werden k\u00f6nnen.<\/p><hr data-start=\"1535\" data-end=\"1538\" \/><p data-start=\"1540\" data-end=\"1700\"><strong data-start=\"1540\" data-end=\"1569\">\u00a73 Vertragsschluss<\/strong><br data-start=\"1569\" data-end=\"1572\" \/>(1) Der Vertrag \u00fcber den Zugang zum Mitgliederbereich kommt \u00fcber unsere Website <a class=\"decorated-link\" href=\"https:\/\/www.blkpnt.net zustande\" target=\"_new\" rel=\"noopener\" data-start=\"1649\" data-end=\"1697\">https:\/\/www.blkpnt.net zustande<\/a>.<\/p><p data-start=\"1702\" data-end=\"1772\">(2) Im Falle des Vertragsschlusses kommt der Vertrag zustande mit:<\/p><p class=\"bigtext\">Steven Jackson \/ \u2013 PHOTO AND VIDEO PRODUCTION<\/p><p class=\"bigtext\">c\/o IP-Management #7640<\/p><p class=\"bigtext\">Ludwig-Erhard-Str. 18<br \/>20459 Hamburg<\/p><p data-start=\"1835\" data-end=\"2082\">(3) Die Darstellung der Mitgliedschaftsangebote auf der Website stellt kein rechtlich bindendes Vertragsangebot dar, sondern eine unverbindliche Einladung an den Verbraucher, ein Abonnement abzuschlie\u00dfen. Durch die Bestellung einer Mitgliedschaft gibt der Verbraucher ein verbindliches Angebot zum Abschluss eines Vertrages ab.<\/p><p data-start=\"2084\" data-end=\"2140\">(4) Der Bestellvorgang umfasst folgende Schritte:<\/p><ul data-start=\"2141\" data-end=\"2344\"><li data-start=\"2141\" data-end=\"2220\"><p data-start=\"2143\" data-end=\"2220\">Auswahl des gew\u00fcnschten Mitgliedschaftsmodells (monatlich, viertelj\u00e4hrlich, halbj\u00e4hrlich)<\/p><\/li><li data-start=\"2221\" data-end=\"2256\"><p data-start=\"2223\" data-end=\"2256\">Weiterleitung zur Zahlungsseite<\/p><\/li><li data-start=\"2257\" data-end=\"2316\"><p data-start=\"2259\" data-end=\"2316\">Auswahl der gew\u00fcnschten Zahlungsmethode (z. B. PayPal, Kreditkarte)<\/p><\/li><li data-start=\"2317\" data-end=\"2344\"><p data-start=\"2319\" data-end=\"2344\">Best\u00e4tigung der Zahlung<\/p><\/li><\/ul><p data-start=\"2346\" data-end=\"2429\">(5) Der Vertrag kommt zustande, sobald der Zugang zum Mitgliederbereich freigeschaltet wurde.<\/p><hr data-start=\"2431\" data-end=\"2434\" \/><p data-start=\"2436\" data-end=\"2653\"><strong data-start=\"2436\" data-end=\"2489\">\u00a74 Kundeninformation: Speicherung der Vertragsdaten<\/strong><br data-start=\"2489\" data-end=\"2492\" \/>Die Vertragsdaten (gew\u00e4hlte Mitgliedschaft, Preis, Laufzeit etc.) werden von uns gespeichert. Die Allgemeinen Gesch\u00e4ftsbedingungen k\u00f6nnen jederzeit auf der Website eingesehen werden.<\/p><hr data-start=\"2655\" data-end=\"2658\" \/><p data-start=\"2660\" data-end=\"2853\"><strong data-start=\"2660\" data-end=\"2692\">\u00a75 Preise, Zahlung, F\u00e4lligkeit<\/strong><br data-start=\"2692\" data-end=\"2695\" \/>(1) Die angegebenen Preise sind Endpreise. Gem\u00e4\u00df \u00a7 19 Abs. 1 UStG wird keine Umsatzsteuer ausgewiesen (Kleinunternehmerstatus).<\/p><p data-start=\"2855\" data-end=\"2917\">(2) Der Verbraucher kann per PayPal oder Kreditkarte (Stripe) bezahlen.<\/p><p data-start=\"2919\" data-end=\"3022\">(3) Der vereinbarte Betrag ist im Voraus f\u00fcr die jeweilige Laufzeit (monatlich, viertelj\u00e4hrlich oder halbj\u00e4hrlich) f\u00e4llig.<\/p><hr data-start=\"3024\" data-end=\"3027\" \/><p data-start=\"3029\" data-end=\"3233\"><strong data-start=\"3029\" data-end=\"3044\">\u00a76 Leistungen<\/strong><br data-start=\"3044\" data-end=\"3047\" \/>(1) Nach erfolgreicher Zahlung erh\u00e4lt der Verbraucher f\u00fcr die Dauer des gew\u00e4hlten Abonnementzeitraums Zugang zum gesch\u00fctzten Mitgliederbereich auf <a class=\"decorated-link\" href=\"https:\/\/www.blkpnt.net zustande\" target=\"_new\" rel=\"noopener\" data-start=\"3138\" data-end=\"3186\">https:\/\/www.blkpnt.net zustande<\/a> .<\/p><p data-start=\"3235\" data-end=\"3327\">(2) Da die Mitgliedschaft den Zugang zu digitalen Inhalten gew\u00e4hrt, erfolgt keine Lieferung physischer Waren.<\/p><hr data-start=\"3329\" data-end=\"3332\" \/><p data-start=\"3334\" data-end=\"3571\"><strong data-start=\"3334\" data-end=\"3377\">\u00a77 Exclusion of the Right of Withdrawal<\/strong><br data-start=\"3377\" data-end=\"3380\" \/>Since the membership provides digital content that is not delivered on a physical medium and access is granted immediately after conclusion of the contract, there is no right of withdrawal.<\/p><p data-start=\"3573\" data-end=\"3739\">Der Verbraucher erkl\u00e4rt ausdr\u00fccklich sein Einverst\u00e4ndnis, dass wir mit der Ausf\u00fchrung des Vertrags vor Ablauf der Widerrufsfrist beginnen, und erkennt an, dass er dadurch sein Widerrufsrecht verliert.<\/p><hr data-start=\"3741\" data-end=\"3744\" \/><p data-start=\"3746\" data-end=\"3965\"><strong data-start=\"3746\" data-end=\"3770\">\u00a78 Vertragssprache<\/strong><br data-start=\"3770\" data-end=\"3773\" \/>(1) F\u00fcr Kunden mit Wohnsitz in Deutschland, \u00d6sterreich und der Schweiz ist die Vertragssprache Deutsch.<br data-start=\"3870\" data-end=\"3873\" \/>(2) F\u00fcr internationale Kunden au\u00dferhalb dieser L\u00e4nder ist die Vertragssprache Englisch.<\/p><hr data-start=\"3967\" data-end=\"3970\" \/><p data-start=\"3972\" data-end=\"4291\" data-is-last-node=\"\" data-is-only-node=\"\"><strong data-start=\"3972\" data-end=\"3997\">\u00a79 Streitbeilegung<\/strong><br data-start=\"3997\" data-end=\"4000\" \/>Die Europ\u00e4ische Kommission stellt eine Plattform zur Online-Streitbeilegung (OS) bereit, abrufbar unter <a class=\"decorated-link\" href=\"https:\/\/ec.europa.eu\/consumers\/odr\" target=\"_new\" rel=\"noopener\" data-start=\"4094\" data-end=\"4158\">ec.europa.eu\/consumers\/odr<\/a>.<br data-start=\"4159\" data-end=\"4162\" \/>Wir sind verpflichtet, an einem Streitbeilegungsverfahren teilzunehmen. Unsere E-Mail-Adresse ist im Impressum (Legal Notice) angegeben.<\/p><\/div><\/div><\/div><\/div><\/div><\/div><\/div><\/div>\t\t\t\t\t\t\t\t<\/div>\n\t\t\t\t\t<\/div>\n\t\t\t\t<\/div>\n\t\t\t\t<\/div>","protected":false},"excerpt":{"rendered":"<p>General Terms and Conditions (GTC) \u00a71 Copyright and Protection of Content(1) All content published on BLKPNT \u2013 in particular photographs, videos, galleries, and other visual media \u2013 is subject to the copyright of Steven Jackson (BLKPNT). (2) The content is intended exclusively for the personal, private use of paying members. By purchasing a membership, the &hellip; <\/p>\n<p class=\"link-more\"><a href=\"https:\/\/blkpnt.net\/de\/impressum\/agb\/\" class=\"more-link\">Mehr <span class=\"screen-reader-text\">\u00fcber &#8220;AGB&#8221; <\/span>Lesen<\/a><\/p>","protected":false},"author":1,"featured_media":0,"parent":19,"menu_order":0,"comment_status":"closed","ping_status":"closed","template":"","meta":{"inline_featured_image":false,"inspiro_hide_title":false,"footnotes":""},"class_list":["post-1209","page","type-page","status-publish","hentry"],"_links":{"self":[{"href":"https:\/\/blkpnt.net\/de\/wp-json\/wp\/v2\/pages\/1209","targetHints":{"allow":["GET"]}}],"collection":[{"href":"https:\/\/blkpnt.net\/de\/wp-json\/wp\/v2\/pages"}],"about":[{"href":"https:\/\/blkpnt.net\/de\/wp-json\/wp\/v2\/types\/page"}],"author":[{"embeddable":true,"href":"https:\/\/blkpnt.net\/de\/wp-json\/wp\/v2\/users\/1"}],"replies":[{"embeddable":true,"href":"https:\/\/blkpnt.net\/de\/wp-json\/wp\/v2\/comments?post=1209"}],"version-history":[{"count":6,"href":"https:\/\/blkpnt.net\/de\/wp-json\/wp\/v2\/pages\/1209\/revisions"}],"predecessor-version":[{"id":8821,"href":"https:\/\/blkpnt.net\/de\/wp-json\/wp\/v2\/pages\/1209\/revisions\/8821"}],"up":[{"embeddable":true,"href":"https:\/\/blkpnt.net\/de\/wp-json\/wp\/v2\/pages\/19"}],"wp:attachment":[{"href":"https:\/\/blkpnt.net\/de\/wp-json\/wp\/v2\/media?parent=1209"}],"curies":[{"name":"wp","href":"https:\/\/api.w.org\/{rel}","templated":true}]}}